{"id":3,"date":"2024-11-14T10:29:30","date_gmt":"2024-11-14T10:29:30","guid":{"rendered":"https:\/\/greennewslab.achabcloud.it\/?page_id=3"},"modified":"2025-03-24T09:09:13","modified_gmt":"2025-03-24T09:09:13","slug":"privacy-policy","status":"publish","type":"page","link":"https:\/\/greennewslab.achabcloud.it\/index.php\/privacy-policy\/","title":{"rendered":"Privacy Policy"},"content":{"rendered":"\n<h2 class=\"wp-block-heading\">Titolare del Trattamento dei Dati<\/h2>\n\n\n\n<p>ACHAB srl Societ\u00e0 Benefit<br>Via L. Pasteur, 3 &#8211; 10146 Torino (TO)<\/p>\n\n\n\n<p><strong>Indirizzo email del Titolare:<\/strong> privacy@achabgroup.it<\/p>\n\n\n\n<h2 class=\"wp-block-heading\">Tipologie di Dati raccolti<\/h2>\n\n\n\n<p><strong>Il Titolare non raccoglie n\u00e8 traccia alcun Dato Personale.<\/strong><\/p>\n\n\n\n<p><strong>Gli Utenti che dovessero avere dubbi sono incoraggiati a contattare il Titolare.<\/strong><strong><br><\/strong><\/p>\n\n\n\n<h2 class=\"wp-block-heading\">Cookie Policy<\/h2>\n\n\n\n<p><strong>Questo Sito Web non fa utilizzo di Strumenti di Tracciamento.&nbsp;<\/strong><\/p>\n\n\n\n<hr class=\"wp-block-separator has-alpha-channel-opacity\"\/>\n\n\n\n<h2 class=\"wp-block-heading\">Informazioni generali per gli utenti<\/h2>\n\n\n\n<h3 class=\"wp-block-heading\"><strong>Diritti dell\u2019Utente sulla base del Regolamento Generale sulla Protezione dei Dati (GDPR)<\/strong><\/h3>\n\n\n\n<p>Gli Utenti nel caso di raccolta e tracciamento di Dati Personali, possono esercitare determinati diritti in particolare, nei limiti previsti dalla legge:<\/p>\n\n\n\n<ul class=\"wp-block-list\">\n<li><strong>revocare il consenso in ogni momento.<\/strong> L\u2019Utente pu\u00f2 revocare il consenso al trattamento dei propri Dati Personali precedentemente espresso.<\/li>\n\n\n\n<li><strong>opporsi al trattamento dei propri Dati.<\/strong> L\u2019Utente pu\u00f2 opporsi al trattamento dei propri Dati quando esso avviene in virt\u00f9 di una base giuridica diversa dal consenso.<\/li>\n\n\n\n<li><strong>accedere ai propri Dati.<\/strong> L\u2019Utente ha diritto ad ottenere informazioni sui Dati trattati dal Titolare, su determinati aspetti del trattamento ed a ricevere una copia dei Dati trattati.<\/li>\n\n\n\n<li><strong>verificare e chiedere la rettificazione.<\/strong> L\u2019Utente pu\u00f2 verificare la correttezza dei propri Dati e richiederne l\u2019aggiornamento o la correzione.<\/li>\n\n\n\n<li><strong>ottenere la limitazione del trattamento.<\/strong> L\u2019Utente pu\u00f2 richiedere la limitazione del trattamento dei propri Dati. In tal caso il Titolare non tratter\u00e0 i Dati per alcun altro scopo se non la loro conservazione.<\/li>\n\n\n\n<li><strong>ottenere la cancellazione o rimozione dei propri Dati Personali.<\/strong> L\u2019Utente pu\u00f2 richiedere la cancellazione dei propri Dati da parte del Titolare.<\/li>\n\n\n\n<li><strong>ricevere i propri Dati o farli trasferire ad altro titolare.<\/strong> L\u2019Utente ha diritto di ricevere i propri Dati in formato strutturato, di uso comune e leggibile da dispositivo automatico e, ove tecnicamente fattibile, di ottenerne il trasferimento senza ostacoli ad un altro titolare.<\/li>\n\n\n\n<li><strong>proporre reclamo.<\/strong> L\u2019Utente pu\u00f2 proporre un reclamo all\u2019autorit\u00e0 di controllo della protezione dei dati personali competente o agire in sede giudiziale.<\/li>\n<\/ul>\n\n\n\n<p>Gli Utenti hanno diritto di ottenere informazioni in merito alla base giuridica per il trasferimento di Dati all&#8217;estero incluso verso qualsiasi organizzazione internazionale regolata dal diritto internazionale o costituita da due o pi\u00f9 paesi, come ad esempio l\u2019ONU, nonch\u00e9 in merito alle misure di sicurezza adottate dal Titolare per proteggere i loro Dati.<\/p>\n\n\n\n<h4 class=\"wp-block-heading\"><strong>Dettagli sul diritto di opposizione<\/strong><\/h4>\n\n\n\n<p>Quando i Dati Personali sono trattati nell\u2019interesse pubblico, nell\u2019esercizio di pubblici poteri di cui \u00e8 investito il Titolare oppure per perseguire un interesse legittimo del Titolare, gli Utenti hanno diritto ad opporsi al trattamento per motivi connessi alla loro situazione particolare.<\/p>\n\n\n\n<p>Si fa presente agli Utenti che, ove i loro Dati fossero trattati con finalit\u00e0 di marketing diretto, possono opporsi al trattamento in qualsiasi momento, gratuitamente e senza fornire alcuna motivazione. Qualora gli Utenti si oppongano al trattamento per finalit\u00e0 di marketing diretto, i Dati Personali non sono pi\u00f9 oggetto di trattamento per tali finalit\u00e0. Per scoprire se il Titolare tratti Dati con finalit\u00e0 di marketing diretto gli Utenti possono fare riferimento alle rispettive sezioni di questo documento.<\/p>\n\n\n\n<h4 class=\"wp-block-heading\"><strong>Come esercitare i diritti<\/strong><\/h4>\n\n\n\n<p>Eventuali richieste di esercizio dei diritti dell&#8217;Utente possono essere indirizzate al Titolare attraverso i recapiti forniti in questo documento. La richiesta \u00e8 gratuita e il Titolare risponder\u00e0 nel pi\u00f9 breve tempo possibile, in ogni caso entro un mese, fornendo all\u2019Utente tutte le informazioni previste dalla legge. Eventuali rettifiche, cancellazioni o limitazioni del trattamento saranno comunicate dal Titolare a ciascuno dei destinatari, se esistenti, a cui sono stati trasmessi i Dati Personali, salvo che ci\u00f2 si riveli impossibile o implichi uno sforzo sproporzionato. Il Titolare comunica all&#8217;Utente tali destinatari qualora egli lo richieda.<\/p>\n\n\n\n<p><strong>Ulteriori informazioni sul trattamento<\/strong><\/p>\n\n\n\n<h3 class=\"wp-block-heading\"><strong>Difesa in giudizio<\/strong><\/h3>\n\n\n\n<p>I Dati Personali dell\u2019Utente possono essere utilizzati da parte del Titolare in giudizio o nelle fasi preparatorie alla sua eventuale instaurazione per la difesa da abusi nell&#8217;utilizzo di un Sito Web o dei Servizi connessi da parte dell\u2019Utente.<br>L\u2019Utente dichiara di essere consapevole che il Titolare potrebbe essere obbligato a rivelare i Dati per ordine delle autorit\u00e0 pubbliche.<\/p>\n\n\n\n<h3 class=\"wp-block-heading\"><strong>Informative specifiche<\/strong><\/h3>\n\n\n\n<p>Su richiesta dell\u2019Utente, in aggiunta alle informazioni contenute in questa privacy policy, un Sito Web potrebbe fornire all&#8217;Utente delle informative aggiuntive e contestuali riguardanti Servizi specifici, o la raccolta ed il trattamento di Dati Personali.<\/p>\n\n\n\n<h3 class=\"wp-block-heading\"><strong>Log di sistema e manutenzione<\/strong><\/h3>\n\n\n\n<p>Per necessit\u00e0 legate al funzionamento ed alla manutenzione, un Sito Web e gli eventuali servizi terzi da essa utilizzati potrebbero raccogliere log di sistema, ossia file che registrano le interazioni e che possono contenere anche Dati Personali, quali l\u2019indirizzo IP Utente.<\/p>\n\n\n\n<h3 class=\"wp-block-heading\"><strong>Informazioni non contenute in questa policy<\/strong><\/h3>\n\n\n\n<p>Ulteriori informazioni in relazione al trattamento dei Dati Personali potranno essere richieste in qualsiasi momento al Titolare del Trattamento utilizzando gli estremi di contatto.<\/p>\n\n\n\n<h3 class=\"wp-block-heading\"><strong>Modifiche a questa privacy policy<\/strong><\/h3>\n\n\n\n<p>Il Titolare del Trattamento si riserva il diritto di apportare modifiche alla presente privacy policy in qualunque momento notificandolo agli Utenti su questa pagina e, se possibile, su questo Sito Web nonch\u00e9, qualora tecnicamente e legalmente fattibile, inviando una notifica agli Utenti attraverso uno degli estremi di contatto di cui \u00e8 in possesso. Si prega dunque di consultare con frequenza questa pagina, facendo riferimento alla data di ultima modifica indicata in fondo.<br><br>Qualora le modifiche interessino trattamenti la cui base giuridica \u00e8 il consenso, il Titolare provveder\u00e0 a raccogliere nuovamente il consenso dell\u2019Utente, se necessario.<\/p>\n\n\n\n<h3 class=\"wp-block-heading\"><strong>Definizioni e riferimenti legali<\/strong><\/h3>\n\n\n\n<h4 class=\"wp-block-heading\"><strong>Dati Personali (o Dati)<\/strong><\/h4>\n\n\n\n<p>Costituisce dato personale qualunque informazione che, direttamente o indirettamente, anche in collegamento con qualsiasi altra informazione, ivi compreso un numero di identificazione personale, renda identificata o identificabile una persona fisica.<\/p>\n\n\n\n<h4 class=\"wp-block-heading\"><strong>Dati di Utilizzo<\/strong><\/h4>\n\n\n\n<p>Sono le informazioni raccolte automaticamente attraverso un Sito Web, tra cui: gli indirizzi IP o i nomi a dominio dei computer utilizzati, gli indirizzi in notazione URI (Uniform Resource Identifier), l\u2019orario della richiesta, il metodo utilizzato nell\u2019inoltrare la richiesta al server, la dimensione del file ottenuto in risposta, il codice numerico indicante lo stato della risposta dal server (buon fine, errore, ecc.) il paese di provenienza, le caratteristiche del browser e del sistema operativo utilizzati dal visitatore, le varie connotazioni temporali della visita (ad esempio il tempo di permanenza su ciascuna pagina) e i dettagli relativi all\u2019itinerario seguito all\u2019interno dell\u2019Applicazione, con particolare riferimento alla sequenza delle pagine consultate, ai parametri relativi al sistema operativo e all\u2019ambiente informatico dell\u2019Utente.<\/p>\n\n\n\n<h4 class=\"wp-block-heading\"><strong>Utente<\/strong><\/h4>\n\n\n\n<p>L&#8217;individuo che utilizza un Sito Web che, salvo ove diversamente specificato, coincide con l&#8217;Interessato.<\/p>\n\n\n\n<h4 class=\"wp-block-heading\"><strong>Interessato<\/strong><\/h4>\n\n\n\n<p>La persona fisica cui si riferiscono i Dati Personali.<\/p>\n\n\n\n<h4 class=\"wp-block-heading\"><strong>Responsabile del Trattamento (o Responsabile)<\/strong><\/h4>\n\n\n\n<p>La persona fisica, giuridica, la pubblica amministrazione e qualsiasi altro ente che tratta dati personali per conto del Titolare, secondo quanto esposto nella presente privacy policy.<\/p>\n\n\n\n<h4 class=\"wp-block-heading\"><strong>Titolare del Trattamento (o Titolare)<\/strong><\/h4>\n\n\n\n<p>La persona fisica o giuridica, l&#8217;autorit\u00e0 pubblica, il servizio o altro organismo che, singolarmente o insieme ad altri, determina le finalit\u00e0 e i mezzi del trattamento di dati personali e gli strumenti adottati, ivi comprese le misure di sicurezza relative al funzionamento ed alla fruizione di un Sito Web. Il Titolare del Trattamento, salvo quanto diversamente specificato, \u00e8 il titolare del Sito Web.<\/p>\n\n\n\n<h4 class=\"wp-block-heading\"><strong>Sito Web&nbsp;<\/strong><\/h4>\n\n\n\n<p>Lo strumento hardware o software mediante il quale sono raccolti e trattati i Dati Personali degli Utenti.<\/p>\n\n\n\n<h4 class=\"wp-block-heading\"><strong>Servizio<\/strong><\/h4>\n\n\n\n<p>Il Servizio fornito dal Sito Web cos\u00ec come definito nei relativi termini (se presenti).<\/p>\n\n\n\n<h4 class=\"wp-block-heading\"><strong>Unione Europea (o UE)<\/strong><\/h4>\n\n\n\n<p>Salvo ove diversamente specificato, ogni riferimento all\u2019Unione Europea contenuto in questo documento si intende esteso a tutti gli attuali stati membri dell\u2019Unione Europea e dello Spazio Economico Europeo.<\/p>\n\n\n\n<hr class=\"wp-block-separator has-alpha-channel-opacity\"\/>\n\n\n\n<h4 class=\"wp-block-heading\"><strong>Riferimenti legali<\/strong><\/h4>\n\n\n\n<p>Ove non diversamente specificato, questa informativa privacy riguarda esclusivamente questo Sito Web.<\/p>\n\n\n\n<p><\/p>\n","protected":false},"excerpt":{"rendered":"<p>Titolare del Trattamento dei Dati ACHAB srl Societ\u00e0 BenefitVia L. Pasteur, 3 &#8211; 10146 Torino (TO) Indirizzo email del Titolare: privacy@achabgroup.it Tipologie di Dati raccolti Il Titolare non raccoglie n\u00e8 traccia alcun Dato Personale. Gli Utenti che dovessero avere dubbi sono incoraggiati a contattare il Titolare. Cookie Policy Questo Sito Web non fa utilizzo di [&hellip;]<\/p>\n","protected":false},"author":1,"featured_media":0,"parent":0,"menu_order":0,"comment_status":"closed","ping_status":"open","template":"","meta":{"footnotes":""},"class_list":["post-3","page","type-page","status-publish","hentry"],"_links":{"self":[{"href":"https:\/\/greennewslab.achabcloud.it\/index.php\/wp-json\/wp\/v2\/pages\/3","targetHints":{"allow":["GET"]}}],"collection":[{"href":"https:\/\/greennewslab.achabcloud.it\/index.php\/wp-json\/wp\/v2\/pages"}],"about":[{"href":"https:\/\/greennewslab.achabcloud.it\/index.php\/wp-json\/wp\/v2\/types\/page"}],"author":[{"embeddable":true,"href":"https:\/\/greennewslab.achabcloud.it\/index.php\/wp-json\/wp\/v2\/users\/1"}],"replies":[{"embeddable":true,"href":"https:\/\/greennewslab.achabcloud.it\/index.php\/wp-json\/wp\/v2\/comments?post=3"}],"version-history":[{"count":6,"href":"https:\/\/greennewslab.achabcloud.it\/index.php\/wp-json\/wp\/v2\/pages\/3\/revisions"}],"predecessor-version":[{"id":128,"href":"https:\/\/greennewslab.achabcloud.it\/index.php\/wp-json\/wp\/v2\/pages\/3\/revisions\/128"}],"wp:attachment":[{"href":"https:\/\/greennewslab.achabcloud.it\/index.php\/wp-json\/wp\/v2\/media?parent=3"}],"curies":[{"name":"wp","href":"https:\/\/api.w.org\/{rel}","templated":true}]}}